{"id":1785,"date":"2021-06-26T11:22:16","date_gmt":"2021-06-26T11:22:16","guid":{"rendered":"http:\/\/fitnase.e-plugins.com\/?page_id=1785"},"modified":"2024-04-15T17:36:49","modified_gmt":"2024-04-15T20:36:49","slug":"promocoes","status":"publish","type":"page","link":"https:\/\/motelexotico.com.br\/rp\/promocoes\/","title":{"rendered":"Promo\u00e7\u00f5es"},"content":{"rendered":"\t\t<div data-elementor-type=\"wp-page\" data-elementor-id=\"1785\" class=\"elementor elementor-1785\">\n\t\t\t\t\t\t\t\t\t<section class=\"elementor-section elementor-top-section elementor-element elementor-element-167759d elementor-section-boxed elementor-section-height-default elementor-section-height-default\" data-id=\"167759d\" data-element_type=\"section\">\n\t\t\t\t\t\t<div class=\"elementor-container elementor-column-gap-default\">\n\t\t\t\t\t<div class=\"elementor-column elementor-col-100 elementor-top-column elementor-element elementor-element-dee5e0c\" data-id=\"dee5e0c\" data-element_type=\"column\">\n\t\t\t<div class=\"elementor-widget-wrap elementor-element-populated\">\n\t\t\t\t\t\t\t\t<div class=\"elementor-element elementor-element-cb5f0a2 elementor-widget elementor-widget-fitnase_section_title\" data-id=\"cb5f0a2\" data-element_type=\"widget\" data-widget_type=\"fitnase_section_title.default\">\n\t\t\t\t<div class=\"elementor-widget-container\">\n\t\t\t\n\t\t<div class=\"ep-section-title-wrapper \" >\n\t\t\t<div class=\"ep-section-title-content shape-enable\">\n\t\t\t\t\t\t\t\t\t<span class=\"ep-section-subtitle ep-primary-color\">Venha conferir as<\/span>\n\t\t\t\t\n\t\t\t\t\t\t\t\t\t<div class=\"ep-section-title\">\n\t\t\t\t\t\t<h2>Nossas Cortesias<\/h2>\t\t\t\t\t<\/div>\n\t\t\t\t\n\t\t\t\t\t\t\t\t\t<div class=\"ep-section-description\">\n\t\t\t\t\t\t<p>\u00a0<strong>Observa\u00e7\u00f5es<\/strong> \u00bb V\u00e1lidas para todas as su\u00edtes.<br \/>\u00bb Cortesias n\u00e3o s\u00e3o acumulativas com demais cortesias, promo\u00e7\u00f5es ou descontos.<br \/>\u00bb SUITES COM O DESCONTO DE 50\u2105 N\u00c3O TEM DIREITO A CORTESIAS.<\/p>\t\t\t\t\t<\/div>\n\t\t\t\t\t\t\t<\/div>\n\t\t<\/div>\n\n\t\t\t\t<\/div>\n\t\t\t\t<\/div>\n\t\t\t\t\t<\/div>\n\t\t<\/div>\n\t\t\t\t\t\t\t<\/div>\n\t\t<\/section>\n\t\t\t\t<section class=\"elementor-section elementor-top-section elementor-element elementor-element-8c5b43b elementor-section-full_width elementor-section-stretched elementor-section-height-default elementor-section-height-default\" data-id=\"8c5b43b\" data-element_type=\"section\" data-settings=\"{&quot;stretch_section&quot;:&quot;section-stretched&quot;}\">\n\t\t\t\t\t\t<div class=\"elementor-container elementor-column-gap-default\">\n\t\t\t\t\t<div class=\"elementor-column elementor-col-100 elementor-top-column elementor-element elementor-element-9dd886f\" data-id=\"9dd886f\" data-element_type=\"column\">\n\t\t\t<div class=\"elementor-widget-wrap elementor-element-populated\">\n\t\t\t\t\t\t\t\t<section class=\"elementor-section elementor-inner-section elementor-element elementor-element-0210c4a elementor-section-boxed elementor-section-height-default elementor-section-height-default\" data-id=\"0210c4a\" data-element_type=\"section\">\n\t\t\t\t\t\t<div class=\"elementor-container elementor-column-gap-custom\">\n\t\t\t\t\t<div class=\"elementor-column elementor-col-33 elementor-inner-column elementor-element elementor-element-4f55834\" data-id=\"4f55834\" data-element_type=\"column\" data-settings=\"{&quot;background_background&quot;:&quot;classic&quot;}\">\n\t\t\t<div class=\"elementor-widget-wrap elementor-element-populated\">\n\t\t\t\t\t\t\t\t<div class=\"elementor-element elementor-element-9c3785f elementor-widget elementor-widget-fitnase_section_title\" data-id=\"9c3785f\" data-element_type=\"widget\" data-widget_type=\"fitnase_section_title.default\">\n\t\t\t\t<div class=\"elementor-widget-container\">\n\t\t\t\n\t\t<div class=\"ep-section-title-wrapper \" >\n\t\t\t<div class=\"ep-section-title-content shape-enable\">\n\t\t\t\t\n\t\t\t\t\t\t\t\t\t<div class=\"ep-section-title\">\n\t\t\t\t\t\t<h2>Caf\u00e9 da Manh\u00e3<\/h2>\t\t\t\t\t<\/div>\n\t\t\t\t\n\t\t\t\t\t\t\t\t\t<div class=\"ep-section-description\">\n\t\t\t\t\t\t<p>Servido das 6:30 as 11:00 todos os dias para pernoite ou 12 horas.<\/p>\t\t\t\t\t<\/div>\n\t\t\t\t\t\t\t<\/div>\n\t\t<\/div>\n\n\t\t\t\t<\/div>\n\t\t\t\t<\/div>\n\t\t\t\t\t<\/div>\n\t\t<\/div>\n\t\t\t\t<div class=\"elementor-column elementor-col-33 elementor-inner-column elementor-element elementor-element-db8935c\" data-id=\"db8935c\" data-element_type=\"column\" data-settings=\"{&quot;background_background&quot;:&quot;classic&quot;}\">\n\t\t\t<div class=\"elementor-widget-wrap elementor-element-populated\">\n\t\t\t\t\t\t\t\t<div class=\"elementor-element elementor-element-80d78f7 elementor-widget elementor-widget-fitnase_section_title\" data-id=\"80d78f7\" data-element_type=\"widget\" data-widget_type=\"fitnase_section_title.default\">\n\t\t\t\t<div class=\"elementor-widget-container\">\n\t\t\t\n\t\t<div class=\"ep-section-title-wrapper \" >\n\t\t\t<div class=\"ep-section-title-content shape-enable\">\n\t\t\t\t\n\t\t\t\t\t\t\t\t\t<div class=\"ep-section-title\">\n\t\t\t\t\t\t<h2>Almo\u00e7o Executivo<\/h2>\t\t\t\t\t<\/div>\n\t\t\t\t\n\t\t\t\t\t\t\t\t\t<div class=\"ep-section-description\">\n\t\t\t\t\t\t<p>Servido das 11:00 \u00e0s 14:00 de segunda-feira a quinta-feira para os per\u00edodos de 6 e 12 horas.<\/p>\t\t\t\t\t<\/div>\n\t\t\t\t\t\t\t<\/div>\n\t\t<\/div>\n\n\t\t\t\t<\/div>\n\t\t\t\t<\/div>\n\t\t\t\t\t<\/div>\n\t\t<\/div>\n\t\t\t\t<div class=\"elementor-column elementor-col-33 elementor-inner-column elementor-element elementor-element-665ed38\" data-id=\"665ed38\" data-element_type=\"column\" data-settings=\"{&quot;background_background&quot;:&quot;classic&quot;}\">\n\t\t\t<div class=\"elementor-widget-wrap elementor-element-populated\">\n\t\t\t\t\t\t\t\t<div class=\"elementor-element elementor-element-3466132 elementor-widget elementor-widget-fitnase_section_title\" data-id=\"3466132\" data-element_type=\"widget\" data-widget_type=\"fitnase_section_title.default\">\n\t\t\t\t<div class=\"elementor-widget-container\">\n\t\t\t\n\t\t<div class=\"ep-section-title-wrapper \" >\n\t\t\t<div class=\"ep-section-title-content shape-enable\">\n\t\t\t\t\n\t\t\t\t\t\t\t\t\t<div class=\"ep-section-title\">\n\t\t\t\t\t\t<h2>Ch\u00e1 da Tarde<\/h2>\t\t\t\t\t<\/div>\n\t\t\t\t\n\t\t\t\t\t\t\t\t\t<div class=\"ep-section-description\">\n\t\t\t\t\t\t<p>Servido das 14:00 \u00e0s 18:00 para per\u00edodos de 6 e 12 horas de segunda-feira \u00e0 quinta-feira. Ap\u00f3s as 18:00 2 drinks para per\u00edodos de 6 ou 12 horas.<\/p>\t\t\t\t\t<\/div>\n\t\t\t\t\t\t\t<\/div>\n\t\t<\/div>\n\n\t\t\t\t<\/div>\n\t\t\t\t<\/div>\n\t\t\t\t\t<\/div>\n\t\t<\/div>\n\t\t\t\t\t\t\t<\/div>\n\t\t<\/section>\n\t\t\t\t\t<\/div>\n\t\t<\/div>\n\t\t\t\t\t\t\t<\/div>\n\t\t<\/section>\n\t\t\t\t<section class=\"elementor-section elementor-top-section elementor-element elementor-element-ea2112c elementor-section-full_width elementor-section-stretched elementor-section-height-default elementor-section-height-default\" data-id=\"ea2112c\" data-element_type=\"section\" data-settings=\"{&quot;stretch_section&quot;:&quot;section-stretched&quot;,&quot;background_background&quot;:&quot;classic&quot;}\">\n\t\t\t\t\t\t<div class=\"elementor-container elementor-column-gap-no\">\n\t\t\t\t\t<div class=\"elementor-column elementor-col-100 elementor-top-column elementor-element elementor-element-843e379\" data-id=\"843e379\" data-element_type=\"column\">\n\t\t\t<div class=\"elementor-widget-wrap elementor-element-populated\">\n\t\t\t\t\t\t\t\t<div class=\"elementor-element elementor-element-414c21f elementor-widget elementor-widget-fitnase_section_title\" data-id=\"414c21f\" data-element_type=\"widget\" data-widget_type=\"fitnase_section_title.default\">\n\t\t\t\t<div class=\"elementor-widget-container\">\n\t\t\t\n\t\t<div class=\"ep-section-title-wrapper \" >\n\t\t\t<div class=\"ep-section-title-content shape-enable\">\n\t\t\t\t\t\t\t\t\t<span class=\"ep-section-subtitle ep-primary-color\">Venha conferir as<\/span>\n\t\t\t\t\n\t\t\t\t\t\t\t\t\t<div class=\"ep-section-title\">\n\t\t\t\t\t\t<h2>Nossas Promo\u00e7\u00f5es<\/h2>\t\t\t\t\t<\/div>\n\t\t\t\t\n\t\t\t\t\t\t\t<\/div>\n\t\t<\/div>\n\n\t\t\t\t<\/div>\n\t\t\t\t<\/div>\n\t\t\t\t<section class=\"elementor-section elementor-inner-section elementor-element elementor-element-b1758c4 elementor-section-boxed elementor-section-height-default elementor-section-height-default\" data-id=\"b1758c4\" data-element_type=\"section\">\n\t\t\t\t\t\t<div class=\"elementor-container elementor-column-gap-default\">\n\t\t\t\t\t<div class=\"elementor-column elementor-col-50 elementor-inner-column elementor-element elementor-element-97e34b0\" data-id=\"97e34b0\" data-element_type=\"column\">\n\t\t\t<div class=\"elementor-widget-wrap elementor-element-populated\">\n\t\t\t\t\t\t\t\t<div class=\"elementor-element elementor-element-1f487d3 elementor-widget elementor-widget-fitnase_section_title\" data-id=\"1f487d3\" data-element_type=\"widget\" data-widget_type=\"fitnase_section_title.default\">\n\t\t\t\t<div class=\"elementor-widget-container\">\n\t\t\t\n\t\t<div class=\"ep-section-title-wrapper \" >\n\t\t\t<div class=\"ep-section-title-content shape-enable\">\n\t\t\t\t\n\t\t\t\t\t\t\t\t\t<div class=\"ep-section-title\">\n\t\t\t\t\t\t<h2>Promo\u00e7\u00e3o para Aniversariante<\/h2>\t\t\t\t\t<\/div>\n\t\t\t\t\n\t\t\t\t\t\t\t\t\t<div class=\"ep-section-description\">\n\t\t\t\t\t\t<p>10% de desconto sobre o valor do per\u00edodo de 12h ou Pernoite + 1 (um) Espumante*. V\u00e1lido no dia do seu anivers\u00e1rio, mediante apresenta\u00e7\u00e3o de documento de identifica\u00e7\u00e3o com foto. *Espumante a crit\u00e9rio do motel.<\/p>\t\t\t\t\t<\/div>\n\t\t\t\t\t\t\t<\/div>\n\t\t<\/div>\n\n\t\t\t\t<\/div>\n\t\t\t\t<\/div>\n\t\t\t\t\t<\/div>\n\t\t<\/div>\n\t\t\t\t<div class=\"elementor-column elementor-col-50 elementor-inner-column elementor-element elementor-element-73632ff\" data-id=\"73632ff\" data-element_type=\"column\">\n\t\t\t<div class=\"elementor-widget-wrap elementor-element-populated\">\n\t\t\t\t\t\t\t\t<div class=\"elementor-element elementor-element-e6b2db7 elementor-widget elementor-widget-fitnase_section_title\" data-id=\"e6b2db7\" data-element_type=\"widget\" data-widget_type=\"fitnase_section_title.default\">\n\t\t\t\t<div class=\"elementor-widget-container\">\n\t\t\t\n\t\t<div class=\"ep-section-title-wrapper \" >\n\t\t\t<div class=\"ep-section-title-content shape-enable\">\n\t\t\t\t\n\t\t\t\t\t\t\t\t\t<div class=\"ep-section-title\">\n\t\t\t\t\t\t<h2>Pernoite estendida com caf\u00e9 da manh\u00e3!<\/h2>\t\t\t\t\t<\/div>\n\t\t\t\t\n\t\t\t\t\t\t\t\t\t<div class=\"ep-section-description\">\n\t\t\t\t\t\t<p>V\u00e1lido aos domingos e feriados<\/p>\t\t\t\t\t<\/div>\n\t\t\t\t\t\t\t<\/div>\n\t\t<\/div>\n\n\t\t\t\t<\/div>\n\t\t\t\t<\/div>\n\t\t\t\t\t<\/div>\n\t\t<\/div>\n\t\t\t\t\t\t\t<\/div>\n\t\t<\/section>\n\t\t\t\t<section class=\"elementor-section elementor-inner-section elementor-element elementor-element-6f1fda3 elementor-section-boxed elementor-section-height-default elementor-section-height-default\" data-id=\"6f1fda3\" data-element_type=\"section\">\n\t\t\t\t\t\t<div class=\"elementor-container elementor-column-gap-default\">\n\t\t\t\t\t<div class=\"elementor-column elementor-col-33 elementor-inner-column elementor-element elementor-element-7ba33a0\" data-id=\"7ba33a0\" data-element_type=\"column\">\n\t\t\t<div class=\"elementor-widget-wrap\">\n\t\t\t\t\t\t\t\t\t<\/div>\n\t\t<\/div>\n\t\t\t\t<div class=\"elementor-column elementor-col-33 elementor-inner-column elementor-element elementor-element-2399e37\" data-id=\"2399e37\" data-element_type=\"column\">\n\t\t\t<div class=\"elementor-widget-wrap elementor-element-populated\">\n\t\t\t\t\t\t\t\t<div class=\"elementor-element elementor-element-2cacaaf elementor-widget elementor-widget-fitnase_section_title\" data-id=\"2cacaaf\" data-element_type=\"widget\" data-widget_type=\"fitnase_section_title.default\">\n\t\t\t\t<div class=\"elementor-widget-container\">\n\t\t\t\n\t\t<div class=\"ep-section-title-wrapper \" >\n\t\t\t<div class=\"ep-section-title-content shape-enable\">\n\t\t\t\t\n\t\t\t\t\n\t\t\t\t\t\t\t<\/div>\n\t\t<\/div>\n\n\t\t\t\t<\/div>\n\t\t\t\t<\/div>\n\t\t\t\t\t<\/div>\n\t\t<\/div>\n\t\t\t\t<div class=\"elementor-column elementor-col-33 elementor-inner-column elementor-element elementor-element-9d1cf65\" data-id=\"9d1cf65\" data-element_type=\"column\">\n\t\t\t<div class=\"elementor-widget-wrap\">\n\t\t\t\t\t\t\t\t\t<\/div>\n\t\t<\/div>\n\t\t\t\t\t\t\t<\/div>\n\t\t<\/section>\n\t\t\t\t\t<\/div>\n\t\t<\/div>\n\t\t\t\t\t\t\t<\/div>\n\t\t<\/section>\n\t\t\t\t\t\t\t<\/div>\n\t\t","protected":false},"excerpt":{"rendered":"<p>Venha conferir as Nossas Cortesias \u00a0Observa\u00e7\u00f5es \u00bb V\u00e1lidas para todas as su\u00edtes.\u00bb Cortesias n\u00e3o s\u00e3o acumulativas com demais cortesias, promo\u00e7\u00f5es ou descontos.\u00bb SUITES COM O DESCONTO DE 50\u2105 N\u00c3O TEM DIREITO A CORTESIAS. Caf\u00e9 da Manh\u00e3 Servido das 6:30 as 11:00 todos os dias para pernoite ou 12 horas. Almo\u00e7o Executivo Servido das 11:00 \u00e0s [&hellip;]<\/p>\n","protected":false},"author":3,"featured_media":0,"parent":0,"menu_order":0,"comment_status":"closed","ping_status":"closed","template":"","meta":{"inline_featured_image":false,"footnotes":""},"acf":[],"_links":{"self":[{"href":"https:\/\/motelexotico.com.br\/rp\/wp-json\/wp\/v2\/pages\/1785"}],"collection":[{"href":"https:\/\/motelexotico.com.br\/rp\/wp-json\/wp\/v2\/pages"}],"about":[{"href":"https:\/\/motelexotico.com.br\/rp\/wp-json\/wp\/v2\/types\/page"}],"author":[{"embeddable":true,"href":"https:\/\/motelexotico.com.br\/rp\/wp-json\/wp\/v2\/users\/3"}],"replies":[{"embeddable":true,"href":"https:\/\/motelexotico.com.br\/rp\/wp-json\/wp\/v2\/comments?post=1785"}],"version-history":[{"count":51,"href":"https:\/\/motelexotico.com.br\/rp\/wp-json\/wp\/v2\/pages\/1785\/revisions"}],"predecessor-version":[{"id":3475,"href":"https:\/\/motelexotico.com.br\/rp\/wp-json\/wp\/v2\/pages\/1785\/revisions\/3475"}],"wp:attachment":[{"href":"https:\/\/motelexotico.com.br\/rp\/wp-json\/wp\/v2\/media?parent=1785"}],"curies":[{"name":"wp","href":"https:\/\/api.w.org\/{rel}","templated":true}]}}