{"id":1779,"date":"2021-06-26T11:21:07","date_gmt":"2021-06-26T11:21:07","guid":{"rendered":"http:\/\/fitnase.e-plugins.com\/?page_id=1779"},"modified":"2023-08-09T15:21:46","modified_gmt":"2023-08-09T18:21:46","slug":"o-motel","status":"publish","type":"page","link":"https:\/\/motelexotico.com.br\/sp\/o-motel\/","title":{"rendered":"O Motel"},"content":{"rendered":"\t\t<div data-elementor-type=\"wp-page\" data-elementor-id=\"1779\" class=\"elementor elementor-1779\">\n\t\t\t\t\t\t\t\t\t<section class=\"elementor-section elementor-top-section elementor-element elementor-element-16c20203 elementor-section-stretched elementor-section-boxed elementor-section-height-default elementor-section-height-default\" data-id=\"16c20203\" data-element_type=\"section\" data-settings=\"{&quot;stretch_section&quot;:&quot;section-stretched&quot;,&quot;background_background&quot;:&quot;classic&quot;}\">\n\t\t\t\t\t\t<div class=\"elementor-container elementor-column-gap-extended\">\n\t\t\t\t\t<div class=\"elementor-column elementor-col-50 elementor-top-column elementor-element elementor-element-29f546e9\" data-id=\"29f546e9\" data-element_type=\"column\">\n\t\t\t<div class=\"elementor-widget-wrap elementor-element-populated\">\n\t\t\t\t\t\t\t\t<div class=\"elementor-element elementor-element-2a34da9 elementor-widget elementor-widget-image\" data-id=\"2a34da9\" data-element_type=\"widget\" data-widget_type=\"image.default\">\n\t\t\t\t<div class=\"elementor-widget-container\">\n\t\t\t<style>\/*! elementor - v3.17.0 - 08-11-2023 *\/\n.elementor-widget-image{text-align:center}.elementor-widget-image a{display:inline-block}.elementor-widget-image a img[src$=\".svg\"]{width:48px}.elementor-widget-image img{vertical-align:middle;display:inline-block}<\/style>\t\t\t\t\t\t\t\t\t\t\t\t<img decoding=\"async\" loading=\"lazy\" width=\"506\" height=\"506\" src=\"https:\/\/motelexotico.com.br\/sp\/wp-content\/uploads\/sites\/2\/2022\/09\/fachada.jpg\" class=\"attachment-full size-full wp-image-2385\" alt=\"\" srcset=\"https:\/\/motelexotico.com.br\/sp\/wp-content\/uploads\/sites\/2\/2022\/09\/fachada.jpg 506w, https:\/\/motelexotico.com.br\/sp\/wp-content\/uploads\/sites\/2\/2022\/09\/fachada-300x300.jpg 300w, https:\/\/motelexotico.com.br\/sp\/wp-content\/uploads\/sites\/2\/2022\/09\/fachada-150x150.jpg 150w\" sizes=\"(max-width: 506px) 100vw, 506px\" \/>\t\t\t\t\t\t\t\t\t\t\t\t\t\t\t<\/div>\n\t\t\t\t<\/div>\n\t\t\t\t\t<\/div>\n\t\t<\/div>\n\t\t\t\t<div class=\"elementor-column elementor-col-50 elementor-top-column elementor-element elementor-element-101e7ccb\" data-id=\"101e7ccb\" data-element_type=\"column\">\n\t\t\t<div class=\"elementor-widget-wrap elementor-element-populated\">\n\t\t\t\t\t\t\t\t<div class=\"elementor-element elementor-element-4233e8c6 elementor-widget elementor-widget-fitnase_section_title\" data-id=\"4233e8c6\" data-element_type=\"widget\" data-widget_type=\"fitnase_section_title.default\">\n\t\t\t\t<div class=\"elementor-widget-container\">\n\t\t\t\n\t\t<div class=\"ep-section-title-wrapper \" >\n\t\t\t<div class=\"ep-section-title-content \">\n\t\t\t\t\t\t\t\t\t<span class=\"ep-section-subtitle ep-primary-color\">Saiba mais sobre<\/span>\n\t\t\t\t\n\t\t\t\t\t\t\t\t\t<div class=\"ep-section-title\">\n\t\t\t\t\t\t<h2>O Motel Ex\u00f3tico<\/h2>\t\t\t\t\t<\/div>\n\t\t\t\t\n\t\t\t\t\t\t\t\t\t<div class=\"ep-section-description\">\n\t\t\t\t\t\t<p><strong>Diferenciais:<\/strong> Su\u00edtes tem\u00e1ticas, custo-benef\u00edcio, localiza\u00e7\u00e3o<\/p><p><strong>Onde:<\/strong>\u00a0Estrada Santa Isabel, em Itaquaquecetuba<\/p><p><strong>Categorias de su\u00edte:<\/strong> Cinco<\/p><p><strong>Su\u00edtes equipadas com<\/strong>: Ar-condicionado, ducha, internet-wi-fi e TV<\/p><p><strong>Destaque<\/strong>: Para a a su\u00edte Tulum que conta com hidro, ilumina\u00e7\u00e3o especial, ar-condicionado split e som com entrada USB e Bluetooth.<\/p><p><strong>E mais:<\/strong> A su\u00edte Mykonos possui assistente virtual Alexa, espelhos, hidro grande, duas camas, pole dance e espelhos<\/p>\t\t\t\t\t<\/div>\n\t\t\t\t\t\t\t<\/div>\n\t\t<\/div>\n\n\t\t\t\t<\/div>\n\t\t\t\t<\/div>\n\t\t\t\t<div class=\"elementor-element elementor-element-562d2e6 elementor-widget elementor-widget-button\" data-id=\"562d2e6\" data-element_type=\"widget\" data-widget_type=\"button.default\">\n\t\t\t\t<div class=\"elementor-widget-container\">\n\t\t\t\t\t<div class=\"elementor-button-wrapper\">\n\t\t\t<a class=\"elementor-button elementor-button-link elementor-size-lg\" href=\"\/sp\/suites\">\n\t\t\t\t\t\t<span class=\"elementor-button-content-wrapper\">\n\t\t\t\t\t\t<span class=\"elementor-button-text\">Veja as nossas Su\u00edtes<\/span>\n\t\t<\/span>\n\t\t\t\t\t<\/a>\n\t\t<\/div>\n\t\t\t\t<\/div>\n\t\t\t\t<\/div>\n\t\t\t\t\t<\/div>\n\t\t<\/div>\n\t\t\t\t\t\t\t<\/div>\n\t\t<\/section>\n\t\t\t\t<section class=\"elementor-section elementor-top-section elementor-element elementor-element-e318b9d elementor-section-stretched elementor-section-boxed elementor-section-height-default elementor-section-height-default\" data-id=\"e318b9d\" data-element_type=\"section\" data-settings=\"{&quot;stretch_section&quot;:&quot;section-stretched&quot;}\">\n\t\t\t\t\t\t<div class=\"elementor-container elementor-column-gap-default\">\n\t\t\t\t\t<div class=\"elementor-column elementor-col-100 elementor-top-column elementor-element elementor-element-95901b3\" data-id=\"95901b3\" data-element_type=\"column\">\n\t\t\t<div class=\"elementor-widget-wrap elementor-element-populated\">\n\t\t\t\t\t\t\t\t<div class=\"elementor-element elementor-element-1fbd993d elementor-widget elementor-widget-fitnase_icon_box\" data-id=\"1fbd993d\" data-element_type=\"widget\" data-widget_type=\"fitnase_icon_box.default\">\n\t\t\t\t<div class=\"elementor-widget-container\">\n\t\t\t\n\t\t<div class=\"ep-icon-box-wrapper\">\n\t\t\t<div class=\"row\">\n\n\t\t\t\t\n\t\t\t\t\t\t<div class=\"col-xl-3 col-lg-4 col-md-6 col-12\">\n\t\t\t\t\t\t\t<div class=\"ep-single-icon-box \" >\n\t\t\t\t\t\t\t\t<div class=\"ep-icon-box-icon ep-primary-color ep-transition\">\n\t\t\t\t\t\t\t\t\t\t\t\t\t\t\t\t\t\t\t\t<img decoding=\"async\" src=\"http:\/\/motelexotico.com.br\/sp\/wp-content\/uploads\/sites\/2\/2022\/09\/air-conditioner.svg\" alt=\"\">\n\t\t\t\t\t\t\t\t\t\t\t\t\t\t\t\t\t\t<\/div>\n\n\t\t\t\t\t\t\t\t<h3 class=\"ep-icon-box-title\">AR-CONDICIONADO<\/h3>\n\n\t\t\t\t\t\t\t\t<div class=\"ep-icon-box-desc\">\n\t\t\t\t\t\t\t\t\t<p>Ambientes totalmente climatizados para deixar seus momentos o mais perfeito poss\u00edvel.\u00a0<\/p>\t\t\t\t\t\t\t\t<\/div>\n\t\t\t\t\t\t\t<\/div>\n\t\t\t\t\t\t<\/div>\n\n\t\t\t\t\n\t\t\t\t\t\t<div class=\"col-xl-3 col-lg-4 col-md-6 col-12\">\n\t\t\t\t\t\t\t<div class=\"ep-single-icon-box \" >\n\t\t\t\t\t\t\t\t<div class=\"ep-icon-box-icon ep-primary-color ep-transition\">\n\t\t\t\t\t\t\t\t\t\t\t\t\t\t\t\t\t\t\t\t<img decoding=\"async\" src=\"http:\/\/motelexotico.com.br\/sp\/wp-content\/uploads\/sites\/2\/2022\/09\/tv.svg\" alt=\"\">\n\t\t\t\t\t\t\t\t\t\t\t\t\t\t\t\t\t\t<\/div>\n\n\t\t\t\t\t\t\t\t<h3 class=\"ep-icon-box-title\">CANAL ER\u00d3TICO<\/h3>\n\n\t\t\t\t\t\t\t\t<div class=\"ep-icon-box-desc\">\n\t\t\t\t\t\t\t\t\t<p>Se quiser apimentar seus momentos com canais er\u00f3ticos com os melhores filmes para apreciar.<\/p>\t\t\t\t\t\t\t\t<\/div>\n\t\t\t\t\t\t\t<\/div>\n\t\t\t\t\t\t<\/div>\n\n\t\t\t\t\n\t\t\t\t\t\t<div class=\"col-xl-3 col-lg-4 col-md-6 col-12\">\n\t\t\t\t\t\t\t<div class=\"ep-single-icon-box \" >\n\t\t\t\t\t\t\t\t<div class=\"ep-icon-box-icon ep-primary-color ep-transition\">\n\t\t\t\t\t\t\t\t\t\t\t\t\t\t\t\t\t\t\t\t<img decoding=\"async\" src=\"http:\/\/motelexotico.com.br\/sp\/wp-content\/uploads\/sites\/2\/2022\/09\/wifi.svg\" alt=\"\">\n\t\t\t\t\t\t\t\t\t\t\t\t\t\t\t\t\t\t<\/div>\n\n\t\t\t\t\t\t\t\t<h3 class=\"ep-icon-box-title\">WI-FI<\/h3>\n\n\t\t\t\t\t\t\t\t<div class=\"ep-icon-box-desc\">\n\t\t\t\t\t\t\t\t\t<p>Wi-Fi dispon\u00edvel para todos h\u00e1 todo momento em toda a \u00e1rea do Motel quanto nas su\u00edtes.<\/p>\t\t\t\t\t\t\t\t<\/div>\n\t\t\t\t\t\t\t<\/div>\n\t\t\t\t\t\t<\/div>\n\n\t\t\t\t\n\t\t\t\t\t\t<div class=\"col-xl-3 col-lg-4 col-md-6 col-12\">\n\t\t\t\t\t\t\t<div class=\"ep-single-icon-box \" >\n\t\t\t\t\t\t\t\t<div class=\"ep-icon-box-icon ep-primary-color ep-transition\">\n\t\t\t\t\t\t\t\t\t\t\t\t\t\t\t\t\t\t\t\t<img decoding=\"async\" src=\"http:\/\/motelexotico.com.br\/sp\/wp-content\/uploads\/sites\/2\/2022\/09\/radio.svg\" alt=\"\">\n\t\t\t\t\t\t\t\t\t\t\t\t\t\t\t\t\t\t<\/div>\n\n\t\t\t\t\t\t\t\t<h3 class=\"ep-icon-box-title\">SOM &amp; TV<\/h3>\n\n\t\t\t\t\t\t\t\t<div class=\"ep-icon-box-desc\">\n\t\t\t\t\t\t\t\t\t<p>Som para colocar aquela m\u00fasica rom\u00e2ntica para deixa seu momento perfeito e TV com v\u00e1rios canais.<\/p>\t\t\t\t\t\t\t\t<\/div>\n\t\t\t\t\t\t\t<\/div>\n\t\t\t\t\t\t<\/div>\n\n\t\t\t\t\t\t\t<\/div>\n\t\t<\/div>\n\n\t\t\t\t<\/div>\n\t\t\t\t<\/div>\n\t\t\t\t\t<\/div>\n\t\t<\/div>\n\t\t\t\t\t\t\t<\/div>\n\t\t<\/section>\n\t\t\t\t<section class=\"elementor-section elementor-top-section elementor-element elementor-element-3d9a511 elementor-section-full_width elementor-section-stretched elementor-section-height-default elementor-section-height-default\" data-id=\"3d9a511\" data-element_type=\"section\" data-settings=\"{&quot;stretch_section&quot;:&quot;section-stretched&quot;}\">\n\t\t\t\t\t\t<div class=\"elementor-container elementor-column-gap-no\">\n\t\t\t\t\t<div class=\"elementor-column elementor-col-100 elementor-top-column elementor-element elementor-element-8e0ed8f\" data-id=\"8e0ed8f\" data-element_type=\"column\">\n\t\t\t<div class=\"elementor-widget-wrap elementor-element-populated\">\n\t\t\t\t\t\t\t\t<div class=\"elementor-element elementor-element-e2c23a6 elementor-widget elementor-widget-google_maps\" data-id=\"e2c23a6\" data-element_type=\"widget\" data-widget_type=\"google_maps.default\">\n\t\t\t\t<div class=\"elementor-widget-container\">\n\t\t\t<style>\/*! elementor - v3.17.0 - 08-11-2023 *\/\n.elementor-widget-google_maps .elementor-widget-container{overflow:hidden}.elementor-widget-google_maps .elementor-custom-embed{line-height:0}.elementor-widget-google_maps iframe{height:300px}<\/style>\t\t<div class=\"elementor-custom-embed\">\n\t\t\t<iframe loading=\"lazy\"\n\t\t\t\t\tsrc=\"https:\/\/maps.google.com\/maps?q=Estr.%20de%20Santa%20Isabel%2C6900%2C%20Una%20-%20Itaqua%2CSP&#038;t=m&#038;z=15&#038;output=embed&#038;iwloc=near\"\n\t\t\t\t\ttitle=\"Estr. de Santa Isabel,6900, Una - Itaqua,SP\"\n\t\t\t\t\taria-label=\"Estr. de Santa Isabel,6900, Una - Itaqua,SP\"\n\t\t\t><\/iframe>\n\t\t<\/div>\n\t\t\t\t<\/div>\n\t\t\t\t<\/div>\n\t\t\t\t\t<\/div>\n\t\t<\/div>\n\t\t\t\t\t\t\t<\/div>\n\t\t<\/section>\n\t\t\t\t\t\t\t<\/div>\n\t\t","protected":false},"excerpt":{"rendered":"<p>Saiba mais sobre O Motel Ex\u00f3tico Diferenciais: Su\u00edtes tem\u00e1ticas, custo-benef\u00edcio, localiza\u00e7\u00e3o Onde:\u00a0Estrada Santa Isabel, em Itaquaquecetuba Categorias de su\u00edte: Cinco Su\u00edtes equipadas com: Ar-condicionado, ducha, internet-wi-fi e TV Destaque: Para a a su\u00edte Tulum que conta com hidro, ilumina\u00e7\u00e3o especial, ar-condicionado split e som com entrada USB e Bluetooth. E mais: A su\u00edte Mykonos possui [&hellip;]<\/p>\n","protected":false},"author":1,"featured_media":0,"parent":0,"menu_order":0,"comment_status":"closed","ping_status":"closed","template":"","meta":{"inline_featured_image":false,"footnotes":""},"acf":[],"_links":{"self":[{"href":"https:\/\/motelexotico.com.br\/sp\/wp-json\/wp\/v2\/pages\/1779"}],"collection":[{"href":"https:\/\/motelexotico.com.br\/sp\/wp-json\/wp\/v2\/pages"}],"about":[{"href":"https:\/\/motelexotico.com.br\/sp\/wp-json\/wp\/v2\/types\/page"}],"author":[{"embeddable":true,"href":"https:\/\/motelexotico.com.br\/sp\/wp-json\/wp\/v2\/users\/1"}],"replies":[{"embeddable":true,"href":"https:\/\/motelexotico.com.br\/sp\/wp-json\/wp\/v2\/comments?post=1779"}],"version-history":[{"count":44,"href":"https:\/\/motelexotico.com.br\/sp\/wp-json\/wp\/v2\/pages\/1779\/revisions"}],"predecessor-version":[{"id":2964,"href":"https:\/\/motelexotico.com.br\/sp\/wp-json\/wp\/v2\/pages\/1779\/revisions\/2964"}],"wp:attachment":[{"href":"https:\/\/motelexotico.com.br\/sp\/wp-json\/wp\/v2\/media?parent=1779"}],"curies":[{"name":"wp","href":"https:\/\/api.w.org\/{rel}","templated":true}]}}