{"id":1785,"date":"2021-06-26T11:22:16","date_gmt":"2021-06-26T11:22:16","guid":{"rendered":"http:\/\/fitnase.e-plugins.com\/?page_id=1785"},"modified":"2025-05-09T12:59:19","modified_gmt":"2025-05-09T15:59:19","slug":"promocoes","status":"publish","type":"page","link":"https:\/\/motelexotico.com.br\/sp\/promocoes\/","title":{"rendered":"Promo\u00e7\u00f5es"},"content":{"rendered":"\t\t<div data-elementor-type=\"wp-page\" data-elementor-id=\"1785\" class=\"elementor elementor-1785\">\n\t\t\t\t\t\t\t\t\t<section class=\"elementor-section elementor-top-section elementor-element elementor-element-167759d elementor-section-boxed elementor-section-height-default elementor-section-height-default\" data-id=\"167759d\" data-element_type=\"section\">\n\t\t\t\t\t\t<div class=\"elementor-container elementor-column-gap-default\">\n\t\t\t\t\t<div class=\"elementor-column elementor-col-100 elementor-top-column elementor-element elementor-element-dee5e0c\" data-id=\"dee5e0c\" data-element_type=\"column\">\n\t\t\t<div class=\"elementor-widget-wrap elementor-element-populated\">\n\t\t\t\t\t\t\t\t<div class=\"elementor-element elementor-element-cb5f0a2 elementor-widget elementor-widget-fitnase_section_title\" data-id=\"cb5f0a2\" data-element_type=\"widget\" data-widget_type=\"fitnase_section_title.default\">\n\t\t\t\t<div class=\"elementor-widget-container\">\n\t\t\t\n\t\t<div class=\"ep-section-title-wrapper \" >\n\t\t\t<div class=\"ep-section-title-content shape-enable\">\n\t\t\t\t\t\t\t\t\t<span class=\"ep-section-subtitle ep-primary-color\">Venha conferir as<\/span>\n\t\t\t\t\n\t\t\t\t\t\t\t\t\t<div class=\"ep-section-title\">\n\t\t\t\t\t\t<h2>Nossas Cortesias<\/h2>\t\t\t\t\t<\/div>\n\t\t\t\t\n\t\t\t\t\t\t\t\t\t<div class=\"ep-section-description\">\n\t\t\t\t\t\t<p><strong>Aten\u00e7\u00e3o<\/strong>\u00bb <span style=\"color: #f7ad2d\">Solicitar as cortesias ou promo\u00e7\u00f5es na <strong>ENTRADA<\/strong> do motel<\/span><br \/><strong>Observa\u00e7\u00f5es<\/strong> \u00bb Cortesias v\u00e1lidas nas su\u00edtes Aruba, Tulum, Laguna e Mykonos (exceto su\u00edte Bali e Maya)<br \/>\u00bb Cortesias n\u00e3o s\u00e3o acumulativas com demais cortesias, promo\u00e7\u00f5es ou descontos oferecidos pelo motel.<br \/>\u00bb Exceto feriados e dia dos namorados.<\/p>\t\t\t\t\t<\/div>\n\t\t\t\t\t\t\t<\/div>\n\t\t<\/div>\n\n\t\t\t\t<\/div>\n\t\t\t\t<\/div>\n\t\t\t\t\t<\/div>\n\t\t<\/div>\n\t\t\t\t\t\t\t<\/div>\n\t\t<\/section>\n\t\t\t\t<section class=\"elementor-section elementor-top-section elementor-element elementor-element-8c5b43b elementor-section-full_width elementor-section-stretched elementor-section-height-default elementor-section-height-default\" data-id=\"8c5b43b\" data-element_type=\"section\" data-settings=\"{&quot;stretch_section&quot;:&quot;section-stretched&quot;}\">\n\t\t\t\t\t\t<div class=\"elementor-container elementor-column-gap-default\">\n\t\t\t\t\t<div class=\"elementor-column elementor-col-100 elementor-top-column elementor-element elementor-element-9dd886f\" data-id=\"9dd886f\" data-element_type=\"column\">\n\t\t\t<div class=\"elementor-widget-wrap elementor-element-populated\">\n\t\t\t\t\t\t\t\t<section class=\"elementor-section elementor-inner-section elementor-element elementor-element-0210c4a elementor-section-boxed elementor-section-height-default elementor-section-height-default\" data-id=\"0210c4a\" data-element_type=\"section\">\n\t\t\t\t\t\t<div class=\"elementor-container elementor-column-gap-custom\">\n\t\t\t\t\t<div class=\"elementor-column elementor-col-25 elementor-inner-column elementor-element elementor-element-4f55834\" data-id=\"4f55834\" data-element_type=\"column\" data-settings=\"{&quot;background_background&quot;:&quot;classic&quot;}\">\n\t\t\t<div class=\"elementor-widget-wrap elementor-element-populated\">\n\t\t\t\t\t\t\t\t<div class=\"elementor-element elementor-element-9c3785f elementor-widget elementor-widget-fitnase_section_title\" data-id=\"9c3785f\" data-element_type=\"widget\" data-widget_type=\"fitnase_section_title.default\">\n\t\t\t\t<div class=\"elementor-widget-container\">\n\t\t\t\n\t\t<div class=\"ep-section-title-wrapper \" >\n\t\t\t<div class=\"ep-section-title-content shape-enable\">\n\t\t\t\t\n\t\t\t\t\t\t\t\t\t<div class=\"ep-section-title\">\n\t\t\t\t\t\t<h2>Caf\u00e9 da Manh\u00e3<\/h2>\t\t\t\t\t<\/div>\n\t\t\t\t\n\t\t\t\t\t\t\t\t\t<div class=\"ep-section-description\">\n\t\t\t\t\t\t<p>Servido de segunda a sexta entre 6h e 11h para per\u00edodos de pernoites.<br \/>*Exceto feriados e dia dos namorados.<\/p>\t\t\t\t\t<\/div>\n\t\t\t\t\t\t\t<\/div>\n\t\t<\/div>\n\n\t\t\t\t<\/div>\n\t\t\t\t<\/div>\n\t\t\t\t\t<\/div>\n\t\t<\/div>\n\t\t\t\t<div class=\"elementor-column elementor-col-25 elementor-inner-column elementor-element elementor-element-db8935c\" data-id=\"db8935c\" data-element_type=\"column\" data-settings=\"{&quot;background_background&quot;:&quot;classic&quot;}\">\n\t\t\t<div class=\"elementor-widget-wrap elementor-element-populated\">\n\t\t\t\t\t\t\t\t<div class=\"elementor-element elementor-element-80d78f7 elementor-widget elementor-widget-fitnase_section_title\" data-id=\"80d78f7\" data-element_type=\"widget\" data-widget_type=\"fitnase_section_title.default\">\n\t\t\t\t<div class=\"elementor-widget-container\">\n\t\t\t\n\t\t<div class=\"ep-section-title-wrapper \" >\n\t\t\t<div class=\"ep-section-title-content shape-enable\">\n\t\t\t\t\n\t\t\t\t\t\t\t\t\t<div class=\"ep-section-title\">\n\t\t\t\t\t\t<h2>Almo\u00e7o Executivo<\/h2>\t\t\t\t\t<\/div>\n\t\t\t\t\n\t\t\t\t\t\t\t\t\t<div class=\"ep-section-description\">\n\t\t\t\t\t\t<p>Servido de segunda a sexta entre 11h e 15h para per\u00edodos a partir de 6h (com entrada a partir das 6h).<br \/>*Exceto feriados e dia dos namorados.<\/p>\t\t\t\t\t<\/div>\n\t\t\t\t\t\t\t<\/div>\n\t\t<\/div>\n\n\t\t\t\t<\/div>\n\t\t\t\t<\/div>\n\t\t\t\t\t<\/div>\n\t\t<\/div>\n\t\t\t\t<div class=\"elementor-column elementor-col-25 elementor-inner-column elementor-element elementor-element-665ed38\" data-id=\"665ed38\" data-element_type=\"column\" data-settings=\"{&quot;background_background&quot;:&quot;classic&quot;}\">\n\t\t\t<div class=\"elementor-widget-wrap elementor-element-populated\">\n\t\t\t\t\t\t\t\t<div class=\"elementor-element elementor-element-3466132 elementor-widget elementor-widget-fitnase_section_title\" data-id=\"3466132\" data-element_type=\"widget\" data-widget_type=\"fitnase_section_title.default\">\n\t\t\t\t<div class=\"elementor-widget-container\">\n\t\t\t\n\t\t<div class=\"ep-section-title-wrapper \" >\n\t\t\t<div class=\"ep-section-title-content shape-enable\">\n\t\t\t\t\n\t\t\t\t\t\t\t\t\t<div class=\"ep-section-title\">\n\t\t\t\t\t\t<h2>Sorvete<\/h2>\t\t\t\t\t<\/div>\n\t\t\t\t\n\t\t\t\t\t\t\t\t\t<div class=\"ep-section-description\">\n\t\t\t\t\t\t<p>Servido de segunda a sexta entre 15h e 19h para per\u00edodos a partir de 6h.<\/p>\t\t\t\t\t<\/div>\n\t\t\t\t\t\t\t<\/div>\n\t\t<\/div>\n\n\t\t\t\t<\/div>\n\t\t\t\t<\/div>\n\t\t\t\t\t<\/div>\n\t\t<\/div>\n\t\t\t\t<div class=\"elementor-column elementor-col-25 elementor-inner-column elementor-element elementor-element-758f610\" data-id=\"758f610\" data-element_type=\"column\">\n\t\t\t<div class=\"elementor-widget-wrap elementor-element-populated\">\n\t\t\t\t\t\t\t\t<div class=\"elementor-element elementor-element-5d950e2 elementor-widget elementor-widget-fitnase_section_title\" data-id=\"5d950e2\" data-element_type=\"widget\" data-widget_type=\"fitnase_section_title.default\">\n\t\t\t\t<div class=\"elementor-widget-container\">\n\t\t\t\n\t\t<div class=\"ep-section-title-wrapper \" >\n\t\t\t<div class=\"ep-section-title-content shape-enable\">\n\t\t\t\t\n\t\t\t\t\t\t\t\t\t<div class=\"ep-section-title\">\n\t\t\t\t\t\t<h2>Festival da Pizza<\/h2>\t\t\t\t\t<\/div>\n\t\t\t\t\n\t\t\t\t\t\t\t\t\t<div class=\"ep-section-description\">\n\t\t\t\t\t\t<p>Servido de segunda a quinta entre 18h e 2h para per\u00edodos a partir de 6h (com entrada a partir das 13h). Sexta, S\u00e1b e V\u00e9sp e Feriado das 11h as 18h para per\u00edodos a partir de 4h (com entrada a partir das 10h).\u00a0<\/p>\t\t\t\t\t<\/div>\n\t\t\t\t\t\t\t<\/div>\n\t\t<\/div>\n\n\t\t\t\t<\/div>\n\t\t\t\t<\/div>\n\t\t\t\t\t<\/div>\n\t\t<\/div>\n\t\t\t\t\t\t\t<\/div>\n\t\t<\/section>\n\t\t\t\t\t<\/div>\n\t\t<\/div>\n\t\t\t\t\t\t\t<\/div>\n\t\t<\/section>\n\t\t\t\t<section class=\"elementor-section elementor-top-section elementor-element elementor-element-ea2112c elementor-section-full_width elementor-section-stretched elementor-section-height-default elementor-section-height-default\" data-id=\"ea2112c\" data-element_type=\"section\" data-settings=\"{&quot;stretch_section&quot;:&quot;section-stretched&quot;,&quot;background_background&quot;:&quot;classic&quot;}\">\n\t\t\t\t\t\t<div class=\"elementor-container elementor-column-gap-no\">\n\t\t\t\t\t<div class=\"elementor-column elementor-col-100 elementor-top-column elementor-element elementor-element-843e379\" data-id=\"843e379\" data-element_type=\"column\">\n\t\t\t<div class=\"elementor-widget-wrap elementor-element-populated\">\n\t\t\t\t\t\t\t\t<div class=\"elementor-element elementor-element-414c21f elementor-widget elementor-widget-fitnase_section_title\" data-id=\"414c21f\" data-element_type=\"widget\" data-widget_type=\"fitnase_section_title.default\">\n\t\t\t\t<div class=\"elementor-widget-container\">\n\t\t\t\n\t\t<div class=\"ep-section-title-wrapper \" >\n\t\t\t<div class=\"ep-section-title-content shape-enable\">\n\t\t\t\t\t\t\t\t\t<span class=\"ep-section-subtitle ep-primary-color\">Venha conferir as<\/span>\n\t\t\t\t\n\t\t\t\t\t\t\t\t\t<div class=\"ep-section-title\">\n\t\t\t\t\t\t<h2>Nossas Promo\u00e7\u00f5es<\/h2>\t\t\t\t\t<\/div>\n\t\t\t\t\n\t\t\t\t\t\t\t\t\t<div class=\"ep-section-description\">\n\t\t\t\t\t\t<p><strong>Aten\u00e7\u00e3o<\/strong>\u00bb <span style=\"color: #f7ad2d\">Solicitar as cortesias ou promo\u00e7\u00f5es na <strong>ENTRADA<\/strong> do motel.<br \/><\/span>\u00bb Promo\u00e7\u00f5es n\u00e3o s\u00e3o acumulativas com demais cortesias, promo\u00e7\u00f5es ou descontos oferecidos pelo motel.<\/p>\t\t\t\t\t<\/div>\n\t\t\t\t\t\t\t<\/div>\n\t\t<\/div>\n\n\t\t\t\t<\/div>\n\t\t\t\t<\/div>\n\t\t\t\t<section class=\"elementor-section elementor-inner-section elementor-element elementor-element-72e46c3 elementor-section-boxed elementor-section-height-default elementor-section-height-default\" data-id=\"72e46c3\" data-element_type=\"section\">\n\t\t\t\t\t\t<div class=\"elementor-container elementor-column-gap-default\">\n\t\t\t\t\t<div class=\"elementor-column elementor-col-25 elementor-inner-column elementor-element elementor-element-bfd6ed5\" data-id=\"bfd6ed5\" data-element_type=\"column\">\n\t\t\t<div class=\"elementor-widget-wrap elementor-element-populated\">\n\t\t\t\t\t\t\t\t<div class=\"elementor-element elementor-element-ed11747 elementor-widget elementor-widget-fitnase_section_title\" data-id=\"ed11747\" data-element_type=\"widget\" data-widget_type=\"fitnase_section_title.default\">\n\t\t\t\t<div class=\"elementor-widget-container\">\n\t\t\t\n\t\t<div class=\"ep-section-title-wrapper \" >\n\t\t\t<div class=\"ep-section-title-content shape-enable\">\n\t\t\t\t\n\t\t\t\t\t\t\t\t\t<div class=\"ep-section-title\">\n\t\t\t\t\t\t<h2>Per\u00edodo em Dobro!<\/h2>\t\t\t\t\t<\/div>\n\t\t\t\t\n\t\t\t\t\t\t\t\t\t<div class=\"ep-section-description\">\n\t\t\t\t\t\t<p>Pague 6h e fique 12h. V\u00e1lido a partir das 15h de domingo at\u00e9 quinta. <strong>*N\u00e3o V\u00e1lida para a su\u00edte Maya.<\/strong><\/p>\t\t\t\t\t<\/div>\n\t\t\t\t\t\t\t<\/div>\n\t\t<\/div>\n\n\t\t\t\t<\/div>\n\t\t\t\t<\/div>\n\t\t\t\t\t<\/div>\n\t\t<\/div>\n\t\t\t\t<div class=\"elementor-column elementor-col-25 elementor-inner-column elementor-element elementor-element-9acf6cc\" data-id=\"9acf6cc\" data-element_type=\"column\">\n\t\t\t<div class=\"elementor-widget-wrap elementor-element-populated\">\n\t\t\t\t\t\t\t\t<div class=\"elementor-element elementor-element-e6b2db7 elementor-widget elementor-widget-fitnase_section_title\" data-id=\"e6b2db7\" data-element_type=\"widget\" data-widget_type=\"fitnase_section_title.default\">\n\t\t\t\t<div class=\"elementor-widget-container\">\n\t\t\t\n\t\t<div class=\"ep-section-title-wrapper \" >\n\t\t\t<div class=\"ep-section-title-content shape-enable\">\n\t\t\t\t\n\t\t\t\t\t\t\t\t\t<div class=\"ep-section-title\">\n\t\t\t\t\t\t<h2>Pernoite estendida com caf\u00e9 da manh\u00e3!<\/h2>\t\t\t\t\t<\/div>\n\t\t\t\t\n\t\t\t\t\t\t\t\t\t<div class=\"ep-section-description\">\n\t\t\t\t\t\t<p>V\u00e1lido de segunda-feira a quinta-feira das 18h \u00e0s 15h.<\/p>\t\t\t\t\t<\/div>\n\t\t\t\t\t\t\t<\/div>\n\t\t<\/div>\n\n\t\t\t\t<\/div>\n\t\t\t\t<\/div>\n\t\t\t\t\t<\/div>\n\t\t<\/div>\n\t\t\t\t<div class=\"elementor-column elementor-col-25 elementor-inner-column elementor-element elementor-element-cd78e36\" data-id=\"cd78e36\" data-element_type=\"column\">\n\t\t\t<div class=\"elementor-widget-wrap elementor-element-populated\">\n\t\t\t\t\t\t\t\t<div class=\"elementor-element elementor-element-f35e2da elementor-widget elementor-widget-fitnase_section_title\" data-id=\"f35e2da\" data-element_type=\"widget\" data-widget_type=\"fitnase_section_title.default\">\n\t\t\t\t<div class=\"elementor-widget-container\">\n\t\t\t\n\t\t<div class=\"ep-section-title-wrapper \" >\n\t\t\t<div class=\"ep-section-title-content shape-enable\">\n\t\t\t\t\n\t\t\t\t\t\t\t\t\t<div class=\"ep-section-title\">\n\t\t\t\t\t\t<h2>Segunda Show!<\/h2>\t\t\t\t\t<\/div>\n\t\t\t\t\n\t\t\t\t\t\t\t\t\t<div class=\"ep-section-description\">\n\t\t\t\t\t\t<p>50% de desconto sobre o valor do per\u00edodo de 12h, v\u00e1lido somente \u00e0s segundas. <strong>*Somente nas su\u00edtes com hidro.<\/strong><\/p>\t\t\t\t\t<\/div>\n\t\t\t\t\t\t\t<\/div>\n\t\t<\/div>\n\n\t\t\t\t<\/div>\n\t\t\t\t<\/div>\n\t\t\t\t\t<\/div>\n\t\t<\/div>\n\t\t\t\t<div class=\"elementor-column elementor-col-25 elementor-inner-column elementor-element elementor-element-c0765d7\" data-id=\"c0765d7\" data-element_type=\"column\">\n\t\t\t<div class=\"elementor-widget-wrap elementor-element-populated\">\n\t\t\t\t\t\t\t\t<div class=\"elementor-element elementor-element-fc024a3 elementor-widget elementor-widget-fitnase_section_title\" data-id=\"fc024a3\" data-element_type=\"widget\" data-widget_type=\"fitnase_section_title.default\">\n\t\t\t\t<div class=\"elementor-widget-container\">\n\t\t\t\n\t\t<div class=\"ep-section-title-wrapper \" >\n\t\t\t<div class=\"ep-section-title-content shape-enable\">\n\t\t\t\t\n\t\t\t\t\t\t\t\t\t<div class=\"ep-section-title\">\n\t\t\t\t\t\t<h2>\u00a0Concorra a uma Su\u00edte Vip!<\/h2>\t\t\t\t\t<\/div>\n\t\t\t\t\n\t\t\t\t\t\t\t\t\t<div class=\"ep-section-description\">\n\t\t\t\t\t\t<p>a estadia \u00e9 gr\u00e1tis por sorteio no <strong>Instagram<\/strong>.<\/p>\t\t\t\t\t<\/div>\n\t\t\t\t\t\t\t<\/div>\n\t\t<\/div>\n\n\t\t\t\t<\/div>\n\t\t\t\t<\/div>\n\t\t\t\t\t<\/div>\n\t\t<\/div>\n\t\t\t\t\t\t\t<\/div>\n\t\t<\/section>\n\t\t\t\t<section class=\"elementor-section elementor-inner-section elementor-element elementor-element-b1758c4 elementor-section-boxed elementor-section-height-default elementor-section-height-default\" data-id=\"b1758c4\" data-element_type=\"section\">\n\t\t\t\t\t\t<div class=\"elementor-container elementor-column-gap-default\">\n\t\t\t\t\t<div class=\"elementor-column elementor-col-50 elementor-inner-column elementor-element elementor-element-97e34b0\" data-id=\"97e34b0\" data-element_type=\"column\">\n\t\t\t<div class=\"elementor-widget-wrap elementor-element-populated\">\n\t\t\t\t\t\t\t\t<div class=\"elementor-element elementor-element-1f487d3 elementor-widget elementor-widget-fitnase_section_title\" data-id=\"1f487d3\" data-element_type=\"widget\" data-widget_type=\"fitnase_section_title.default\">\n\t\t\t\t<div class=\"elementor-widget-container\">\n\t\t\t\n\t\t<div class=\"ep-section-title-wrapper \" >\n\t\t\t<div class=\"ep-section-title-content shape-enable\">\n\t\t\t\t\n\t\t\t\t\t\t\t\t\t<div class=\"ep-section-title\">\n\t\t\t\t\t\t<h2>Promo\u00e7\u00e3o para Aniversariante<\/h2>\t\t\t\t\t<\/div>\n\t\t\t\t\n\t\t\t\t\t\t\t\t\t<div class=\"ep-section-description\">\n\t\t\t\t\t\t<p>10% de desconto sobre o valor do per\u00edodo de 12h ou Pernoite + 1 (um) Espumante*. V\u00e1lido no m\u00eas do seu anivers\u00e1rio, mediante apresenta\u00e7\u00e3o de documento de identifica\u00e7\u00e3o com foto. *Espumante a crit\u00e9rio do motel.<\/p>\t\t\t\t\t<\/div>\n\t\t\t\t\t\t\t<\/div>\n\t\t<\/div>\n\n\t\t\t\t<\/div>\n\t\t\t\t<\/div>\n\t\t\t\t\t<\/div>\n\t\t<\/div>\n\t\t\t\t<div class=\"elementor-column elementor-col-50 elementor-inner-column elementor-element elementor-element-73632ff\" data-id=\"73632ff\" data-element_type=\"column\">\n\t\t\t<div class=\"elementor-widget-wrap elementor-element-populated\">\n\t\t\t\t\t\t\t\t<div class=\"elementor-element elementor-element-9d778be elementor-widget elementor-widget-fitnase_section_title\" data-id=\"9d778be\" data-element_type=\"widget\" data-widget_type=\"fitnase_section_title.default\">\n\t\t\t\t<div class=\"elementor-widget-container\">\n\t\t\t\n\t\t<div class=\"ep-section-title-wrapper \" >\n\t\t\t<div class=\"ep-section-title-content shape-enable\">\n\t\t\t\t\n\t\t\t\t\t\t\t\t\t<div class=\"ep-section-title\">\n\t\t\t\t\t\t<h2>\u00a0Promo\u00e7\u00e3o para Estudantes<\/h2>\t\t\t\t\t<\/div>\n\t\t\t\t\n\t\t\t\t\t\t\t\t\t<div class=\"ep-section-description\">\n\t\t\t\t\t\t<p>20% de desconto sobre o valor do per\u00edodo. Desconto v\u00e1lido somente mediante apresenta\u00e7\u00e3o da Carteirinha de Estudante do ano letivo, mais\u00a0 documento de identifica\u00e7\u00e3o com foto.<\/p>\t\t\t\t\t<\/div>\n\t\t\t\t\t\t\t<\/div>\n\t\t<\/div>\n\n\t\t\t\t<\/div>\n\t\t\t\t<\/div>\n\t\t\t\t\t<\/div>\n\t\t<\/div>\n\t\t\t\t\t\t\t<\/div>\n\t\t<\/section>\n\t\t\t\t\t<\/div>\n\t\t<\/div>\n\t\t\t\t\t\t\t<\/div>\n\t\t<\/section>\n\t\t\t\t\t\t\t<\/div>\n\t\t","protected":false},"excerpt":{"rendered":"<p>Venha conferir as Nossas Cortesias Aten\u00e7\u00e3o\u00bb Solicitar as cortesias ou promo\u00e7\u00f5es na ENTRADA do motelObserva\u00e7\u00f5es \u00bb Cortesias v\u00e1lidas nas su\u00edtes Aruba, Tulum, Laguna e Mykonos (exceto su\u00edte Bali e Maya)\u00bb Cortesias n\u00e3o s\u00e3o acumulativas com demais cortesias, promo\u00e7\u00f5es ou descontos oferecidos pelo motel.\u00bb Exceto feriados e dia dos namorados. Caf\u00e9 da Manh\u00e3 Servido de segunda [&hellip;]<\/p>\n","protected":false},"author":1,"featured_media":0,"parent":0,"menu_order":0,"comment_status":"closed","ping_status":"closed","template":"","meta":{"inline_featured_image":false,"footnotes":""},"acf":[],"_links":{"self":[{"href":"https:\/\/motelexotico.com.br\/sp\/wp-json\/wp\/v2\/pages\/1785"}],"collection":[{"href":"https:\/\/motelexotico.com.br\/sp\/wp-json\/wp\/v2\/pages"}],"about":[{"href":"https:\/\/motelexotico.com.br\/sp\/wp-json\/wp\/v2\/types\/page"}],"author":[{"embeddable":true,"href":"https:\/\/motelexotico.com.br\/sp\/wp-json\/wp\/v2\/users\/1"}],"replies":[{"embeddable":true,"href":"https:\/\/motelexotico.com.br\/sp\/wp-json\/wp\/v2\/comments?post=1785"}],"version-history":[{"count":83,"href":"https:\/\/motelexotico.com.br\/sp\/wp-json\/wp\/v2\/pages\/1785\/revisions"}],"predecessor-version":[{"id":3160,"href":"https:\/\/motelexotico.com.br\/sp\/wp-json\/wp\/v2\/pages\/1785\/revisions\/3160"}],"wp:attachment":[{"href":"https:\/\/motelexotico.com.br\/sp\/wp-json\/wp\/v2\/media?parent=1785"}],"curies":[{"name":"wp","href":"https:\/\/api.w.org\/{rel}","templated":true}]}}